{"id":3,"date":"2023-12-04T23:20:52","date_gmt":"2023-12-04T22:20:52","guid":{"rendered":"http:\/\/esnutrifood.com\/?page_id=3"},"modified":"2024-01-11T04:47:29","modified_gmt":"2024-01-11T03:47:29","slug":"aviso-legal","status":"publish","type":"page","link":"https:\/\/esnutrifood.com\/en\/aviso-legal\/","title":{"rendered":"Legal Notice"},"content":{"rendered":"<div data-elementor-type=\"wp-page\" data-elementor-id=\"3\" class=\"elementor elementor-3\" data-elementor-post-type=\"page\">\n\t\t\t\t\t\t\t\t\t<section class=\"elementor-section elementor-top-section elementor-element elementor-element-0ecff2f elementor-section-full_width elementor-section-stretched elementor-section-height-default elementor-section-height-default\" data-id=\"0ecff2f\" data-element_type=\"section\" data-settings=\"{&quot;background_background&quot;:&quot;classic&quot;,&quot;stretch_section&quot;:&quot;section-stretched&quot;}\">\n\t\t\t\t\t\t\t<div class=\"elementor-background-overlay\"><\/div>\n\t\t\t\t\t\t\t<div class=\"elementor-container elementor-column-gap-no\">\n\t\t\t\t\t<div class=\"elementor-column elementor-col-100 elementor-top-column elementor-element elementor-element-9e5ed88\" data-id=\"9e5ed88\" data-element_type=\"column\" data-settings=\"{&quot;background_background&quot;:&quot;classic&quot;}\">\n\t\t\t<div class=\"elementor-widget-wrap elementor-element-populated\">\n\t\t\t\t\t\t\t\t<section class=\"elementor-section elementor-inner-section elementor-element elementor-element-0757829 elementor-section-full_width elementor-section-height-default elementor-section-height-default\" data-id=\"0757829\" data-element_type=\"section\" data-settings=\"{&quot;background_background&quot;:&quot;classic&quot;}\">\n\t\t\t\t\t\t\t<div class=\"elementor-background-overlay\"><\/div>\n\t\t\t\t\t\t\t<div class=\"elementor-container elementor-column-gap-no\">\n\t\t\t\t\t<div class=\"elementor-column elementor-col-100 elementor-inner-column elementor-element elementor-element-aff6e6f\" data-id=\"aff6e6f\" data-element_type=\"column\">\n\t\t\t<div class=\"elementor-widget-wrap elementor-element-populated\">\n\t\t\t\t\t\t\t\t<div class=\"elementor-element elementor-element-70107fb elementor-widget__width-inherit elementor-invisible elementor-widget elementor-widget-heading\" data-id=\"70107fb\" data-element_type=\"widget\" data-settings=\"{&quot;_animation&quot;:&quot;fadeInLeft&quot;,&quot;_animation_delay&quot;:500}\" data-widget_type=\"heading.default\">\n\t\t\t\t<div class=\"elementor-widget-container\">\n\t\t\t<style>\/*! elementor - v3.18.0 - 20-12-2023 *\/\n.elementor-heading-title{padding:0;margin:0;line-height:1}.elementor-widget-heading .elementor-heading-title[class*=elementor-size-]>a{color:inherit;font-size:inherit;line-height:inherit}.elementor-widget-heading .elementor-heading-title.elementor-size-small{font-size:15px}.elementor-widget-heading .elementor-heading-title.elementor-size-medium{font-size:19px}.elementor-widget-heading .elementor-heading-title.elementor-size-large{font-size:29px}.elementor-widget-heading .elementor-heading-title.elementor-size-xl{font-size:39px}.elementor-widget-heading .elementor-heading-title.elementor-size-xxl{font-size:59px}<\/style><h2 class=\"elementor-heading-title elementor-size-default\">Legal Notice<\/h2>\t\t<\/div>\n\t\t\t\t<\/div>\n\t\t\t\t<div class=\"elementor-element elementor-element-106dcf9 elementor-widget-divider--view-line elementor-widget elementor-widget-divider\" data-id=\"106dcf9\" data-element_type=\"widget\" data-widget_type=\"divider.default\">\n\t\t\t\t<div class=\"elementor-widget-container\">\n\t\t\t<style>\/*! elementor - v3.18.0 - 20-12-2023 *\/\n.elementor-widget-divider{--divider-border-style:none;--divider-border-width:1px;--divider-color:#0c0d0e;--divider-icon-size:20px;--divider-element-spacing:10px;--divider-pattern-height:24px;--divider-pattern-size:20px;--divider-pattern-url:none;--divider-pattern-repeat:repeat-x}.elementor-widget-divider .elementor-divider{display:flex}.elementor-widget-divider .elementor-divider__text{font-size:15px;line-height:1;max-width:95%}.elementor-widget-divider .elementor-divider__element{margin:0 var(--divider-element-spacing);flex-shrink:0}.elementor-widget-divider .elementor-icon{font-size:var(--divider-icon-size)}.elementor-widget-divider .elementor-divider-separator{display:flex;margin:0;direction:ltr}.elementor-widget-divider--view-line_icon .elementor-divider-separator,.elementor-widget-divider--view-line_text .elementor-divider-separator{align-items:center}.elementor-widget-divider--view-line_icon .elementor-divider-separator:after,.elementor-widget-divider--view-line_icon .elementor-divider-separator:before,.elementor-widget-divider--view-line_text .elementor-divider-separator:after,.elementor-widget-divider--view-line_text .elementor-divider-separator:before{display:block;content:\"\";border-bottom:0;flex-grow:1;border-top:var(--divider-border-width) var(--divider-border-style) var(--divider-color)}.elementor-widget-divider--element-align-left .elementor-divider .elementor-divider-separator>.elementor-divider__svg:first-of-type{flex-grow:0;flex-shrink:100}.elementor-widget-divider--element-align-left .elementor-divider-separator:before{content:none}.elementor-widget-divider--element-align-left .elementor-divider__element{margin-left:0}.elementor-widget-divider--element-align-right .elementor-divider .elementor-divider-separator>.elementor-divider__svg:last-of-type{flex-grow:0;flex-shrink:100}.elementor-widget-divider--element-align-right .elementor-divider-separator:after{content:none}.elementor-widget-divider--element-align-right .elementor-divider__element{margin-right:0}.elementor-widget-divider:not(.elementor-widget-divider--view-line_text):not(.elementor-widget-divider--view-line_icon) .elementor-divider-separator{border-top:var(--divider-border-width) var(--divider-border-style) var(--divider-color)}.elementor-widget-divider--separator-type-pattern{--divider-border-style:none}.elementor-widget-divider--separator-type-pattern.elementor-widget-divider--view-line .elementor-divider-separator,.elementor-widget-divider--separator-type-pattern:not(.elementor-widget-divider--view-line) .elementor-divider-separator:after,.elementor-widget-divider--separator-type-pattern:not(.elementor-widget-divider--view-line) .elementor-divider-separator:before,.elementor-widget-divider--separator-type-pattern:not([class*=elementor-widget-divider--view]) .elementor-divider-separator{width:100%;min-height:var(--divider-pattern-height);-webkit-mask-size:var(--divider-pattern-size) 100%;mask-size:var(--divider-pattern-size) 100%;-webkit-mask-repeat:var(--divider-pattern-repeat);mask-repeat:var(--divider-pattern-repeat);background-color:var(--divider-color);-webkit-mask-image:var(--divider-pattern-url);mask-image:var(--divider-pattern-url)}.elementor-widget-divider--no-spacing{--divider-pattern-size:auto}.elementor-widget-divider--bg-round{--divider-pattern-repeat:round}.rtl .elementor-widget-divider .elementor-divider__text{direction:rtl}.e-con-inner>.elementor-widget-divider,.e-con>.elementor-widget-divider{width:var(--container-widget-width,100%);--flex-grow:var(--container-widget-flex-grow)}<\/style>\t\t<div class=\"elementor-divider\">\n\t\t\t<span class=\"elementor-divider-separator\">\n\t\t\t\t\t\t<\/span>\n\t\t<\/div>\n\t\t\t\t<\/div>\n\t\t\t\t<\/div>\n\t\t\t\t<div class=\"elementor-element elementor-element-4b2e8a5 elementor-widget__width-initial elementor-absolute elementor-widget elementor-widget-image\" data-id=\"4b2e8a5\" data-element_type=\"widget\" data-settings=\"{&quot;_position&quot;:&quot;absolute&quot;,&quot;motion_fx_motion_fx_mouse&quot;:&quot;yes&quot;,&quot;motion_fx_mouseTrack_effect&quot;:&quot;yes&quot;,&quot;motion_fx_mouseTrack_speed&quot;:{&quot;unit&quot;:&quot;px&quot;,&quot;size&quot;:0.33,&quot;sizes&quot;:[]}}\" data-widget_type=\"image.default\">\n\t\t\t\t<div class=\"elementor-widget-container\">\n\t\t\t<style>\/*! elementor - v3.18.0 - 20-12-2023 *\/\n.elementor-widget-image{text-align:center}.elementor-widget-image a{display:inline-block}.elementor-widget-image a img[src$=\".svg\"]{width:48px}.elementor-widget-image img{vertical-align:middle;display:inline-block}<\/style>\t\t\t\t\t\t\t\t\t\t\t\t<img decoding=\"async\" width=\"34\" height=\"37\" src=\"https:\/\/esnutrifood.com\/wp-content\/uploads\/2024\/01\/4f171d18-desi-obj-2.png\" class=\"attachment-full size-full wp-image-52\" alt=\"\" \/>\t\t\t\t\t\t\t\t\t\t\t\t\t\t\t<\/div>\n\t\t\t\t<\/div>\n\t\t\t\t\t<\/div>\n\t\t<\/div>\n\t\t\t\t\t\t\t<\/div>\n\t\t<\/section>\n\t\t\t\t\t<\/div>\n\t\t<\/div>\n\t\t\t\t\t\t\t<\/div>\n\t\t<\/section>\n\t\t<div class=\"elementor-element elementor-element-41da034c e-flex e-con-boxed e-con e-parent\" data-id=\"41da034c\" data-element_type=\"container\" data-settings=\"{&quot;content_width&quot;:&quot;boxed&quot;}\" data-core-v316-plus=\"true\">\n\t\t\t\t\t<div class=\"e-con-inner\">\n\t\t\t\t<div class=\"elementor-element elementor-element-78baac5d elementor-widget elementor-widget-text-editor\" data-id=\"78baac5d\" data-element_type=\"widget\" data-widget_type=\"text-editor.default\">\n\t\t\t\t<div class=\"elementor-widget-container\">\n\t\t\t<style>\/*! elementor - v3.18.0 - 20-12-2023 *\/\n.elementor-widget-text-editor.elementor-drop-cap-view-stacked .elementor-drop-cap{background-color:#69727d;color:#fff}.elementor-widget-text-editor.elementor-drop-cap-view-framed .elementor-drop-cap{color:#69727d;border:3px solid;background-color:transparent}.elementor-widget-text-editor:not(.elementor-drop-cap-view-default) .elementor-drop-cap{margin-top:8px}.elementor-widget-text-editor:not(.elementor-drop-cap-view-default) .elementor-drop-cap-letter{width:1em;height:1em}.elementor-widget-text-editor .elementor-drop-cap{float:left;text-align:center;line-height:1;font-size:50px}.elementor-widget-text-editor .elementor-drop-cap-letter{display:inline-block}<\/style>\t\t\t\t<p><strong>Newsletter Consent:<\/strong><\/p>\n<p>Company Name: Ser saludable, S.L.<\/p>\n<p>C.I.F.: B56696628.<\/p>\n<p>Address: Calle Gomis 84, Unit 5 \u2013 Barcelona 08023.<\/p>\n<p>Email: gestiones@esnutrifood.com.<\/p>\n<p>On behalf of Ser saludable, S.L., we inform you that the Personal Data collected will be incorporated into a File under our responsibility, with the purpose of keeping you informed about the latest products and services we offer. The provided data will be kept as long as the commercial relationship is maintained or for the years necessary to comply with legal obligations. The data will not be transferred to third parties except in cases where there is a legal obligation.<\/p>\n<p>You have the right to obtain confirmation as to whether Ser saludable, S.L., is processing your personal data, so you have the right to access your personal data, rectify inaccurate data, or request their deletion when the data is no longer necessary.<\/p>\n<p>As established in the GDPR (Regulation (EU) 2016\/679), we provide you with the Detailed Data Protection Information outlined below:<\/p>\n<p><strong>Controller:<\/strong><\/p>\n<p>Company Name: Ser saludable, S.L.<\/p>\n<p>C.I.F.: B56696628.<\/p>\n<p>Address: Calle Gomis 84, Unit 5 \u2013 Barcelona 08023.<\/p>\n<p>Email: gestiones@esnutrifood.com.<\/p>\n<p><strong>Purpose:<\/strong><\/p>\n<p>We inform you that the Personal Data collected will be incorporated into a File under our responsibility, with the purpose of managing the sending of requested information and providing interested parties with offers of products and services of their interest. The provided data will be kept as long as the commercial relationship is maintained, for the years necessary to comply with legal obligations, or until its deletion is requested by the interested party.<\/p>\n<p><strong>Legitimation:<\/strong><\/p>\n<p>The Personal Data obtained on this Website, as well as the offer of products and services, is based on the consent requested from the interested party.<\/p>\n<p>The interested party will have the right to withdraw their consent at any time. The withdrawal of consent will not affect the legality of the processing based on the prior consent withdrawal.<\/p>\n<p><strong>Recipients:<\/strong><\/p>\n<p>The Order information we collect will only be transferred to third parties due to legal obligations and for the processing of payment information, order shipment organization, and invoices and\/or confirmation.<\/p>\n<p><strong>Rights:<\/strong><\/p>\n<p>As a direct interested party, you have the right to obtain confirmation as to whether Ser saludable, S.L., is processing personal data concerning you or not. You have the right to access your personal data, as well as to request the rectification of inaccurate data or, where appropriate, request their deletion when, among other reasons, the data is no longer necessary for the purposes for which it was collected.<\/p>\n<p>Under certain circumstances, you may request the limitation of the processing of your data, in which case we will only keep them for the exercise or defense of claims.<\/p>\n<p>In certain circumstances and for reasons related to your particular situation, you may object to the processing of your data. Ser healthy, S.L., will stop processing the data, except for compelling legitimate reasons, or the exercise or defense of possible claims.<\/p>\n<p>Under certain circumstances, you have the right to receive the personal data concerning you that you have provided to us, and to transmit them or request that we provide them to a third party without objection on our part (right to data portability).<\/p>\n<p>Under certain circumstances, we inform you that you have the right not to be subject to a decision based solely on automated processing, including profiling, that produces legal effects on you or significantly affects you in a similar way.<\/p>\t\t\t\t\t\t<\/div>\n\t\t\t\t<\/div>\n\t\t\t\t\t<\/div>\n\t\t\t\t<\/div>\n\t\t\t\t\t\t\t<\/div>","protected":false},"excerpt":{"rendered":"<p>Aviso legal Consentimiento Newsletter: Raz\u00f3n Social: Ser saludable, S.L. C.I.F.: B56696628. Direcci\u00f3n: Calle Gomis 84, local 5 &#8211; Barcelona 08023. Correo Electr\u00f3nico: gestiones@esnutrifood.com. En nombre de Ser saludable, S.L., le informamos que los Datos de Car\u00e1cter Personal recogidos, ser\u00e1n incorporados a un Fichero bajo nuestra responsabilidad, con la finalidad de mantenerle informado sobre las novedades [&hellip;]<\/p>","protected":false},"author":1,"featured_media":0,"parent":0,"menu_order":0,"comment_status":"closed","ping_status":"closed","template":"elementor_header_footer","meta":{"site-sidebar-layout":"default","site-content-layout":"","ast-site-content-layout":"","site-content-style":"default","site-sidebar-style":"default","ast-global-header-display":"","ast-banner-title-visibility":"","ast-main-header-display":"","ast-hfb-above-header-display":"","ast-hfb-below-header-display":"","ast-hfb-mobile-header-display":"","site-post-title":"","ast-breadcrumbs-content":"","ast-featured-img":"","footer-sml-layout":"","theme-transparent-header-meta":"","adv-header-id-meta":"","stick-header-meta":"","header-above-stick-meta":"","header-main-stick-meta":"","header-below-stick-meta":"","astra-migrate-meta-layouts":"default","ast-page-background-enabled":"default","ast-page-background-meta":{"desktop":{"background-color":"var(--ast-global-color-4)","background-image":"","background-repeat":"repeat","background-position":"center center","background-size":"auto","background-attachment":"scroll","background-type":"","background-media":"","overlay-type":"","overlay-color":"","overlay-gradient":""},"tablet":{"background-color":"","background-image":"","background-repeat":"repeat","background-position":"center center","background-size":"auto","background-attachment":"scroll","background-type":"","background-media":"","overlay-type":"","overlay-color":"","overlay-gradient":""},"mobile":{"background-color":"","background-image":"","background-repeat":"repeat","background-position":"center center","background-size":"auto","background-attachment":"scroll","background-type":"","background-media":"","overlay-type":"","overlay-color":"","overlay-gradient":""}},"ast-content-background-meta":{"desktop":{"background-color":"var(--ast-global-color-5)","background-image":"","background-repeat":"repeat","background-position":"center center","background-size":"auto","background-attachment":"scroll","background-type":"","background-media":"","overlay-type":"","overlay-color":"","overlay-gradient":""},"tablet":{"background-color":"var(--ast-global-color-5)","background-image":"","background-repeat":"repeat","background-position":"center center","background-size":"auto","background-attachment":"scroll","background-type":"","background-media":"","overlay-type":"","overlay-color":"","overlay-gradient":""},"mobile":{"background-color":"var(--ast-global-color-5)","background-image":"","background-repeat":"repeat","background-position":"center center","background-size":"auto","background-attachment":"scroll","background-type":"","background-media":"","overlay-type":"","overlay-color":"","overlay-gradient":""}},"footnotes":"","_joinchat":[]},"yoast_head":"<!-- This site is optimized with the Yoast SEO plugin v21.9.1 - https:\/\/yoast.com\/wordpress\/plugins\/seo\/ -->\n<title>Aviso legal | Nutri Food<\/title>\n<meta name=\"robots\" content=\"index, follow, max-snippet:-1, max-image-preview:large, max-video-preview:-1\" \/>\n<link rel=\"canonical\" href=\"https:\/\/esnutrifood.com\/en\/aviso-legal\/\" \/>\n<meta property=\"og:locale\" content=\"en_US\" \/>\n<meta property=\"og:type\" content=\"article\" \/>\n<meta property=\"og:title\" content=\"Aviso legal | Nutri Food\" \/>\n<meta property=\"og:description\" content=\"Aviso legal Consentimiento Newsletter: Raz\u00f3n Social: Ser saludable, S.L. C.I.F.: B56696628. Direcci\u00f3n: Calle Gomis 84, local 5 &#8211; Barcelona 08023. Correo Electr\u00f3nico: gestiones@esnutrifood.com. En nombre de Ser saludable, S.L., le informamos que los Datos de Car\u00e1cter Personal recogidos, ser\u00e1n incorporados a un Fichero bajo nuestra responsabilidad, con la finalidad de mantenerle informado sobre las novedades [&hellip;]\" \/>\n<meta property=\"og:url\" content=\"https:\/\/esnutrifood.com\/en\/aviso-legal\/\" \/>\n<meta property=\"og:site_name\" content=\"Nutri Food\" \/>\n<meta property=\"article:modified_time\" content=\"2024-01-11T03:47:29+00:00\" \/>\n<meta property=\"og:image\" content=\"http:\/\/esnutrifood.com\/wp-content\/uploads\/2024\/01\/4f171d18-desi-obj-2.png\" \/>\n<meta name=\"twitter:card\" content=\"summary_large_image\" \/>\n<meta name=\"twitter:label1\" content=\"Est. reading time\" \/>\n\t<meta name=\"twitter:data1\" content=\"3 minutes\" \/>\n<script type=\"application\/ld+json\" class=\"yoast-schema-graph\">{\"@context\":\"https:\/\/schema.org\",\"@graph\":[{\"@type\":\"WebPage\",\"@id\":\"https:\/\/esnutrifood.com\/aviso-legal\/\",\"url\":\"https:\/\/esnutrifood.com\/aviso-legal\/\",\"name\":\"Aviso legal | Nutri Food\",\"isPartOf\":{\"@id\":\"https:\/\/esnutrifood.com\/#website\"},\"datePublished\":\"2023-12-04T22:20:52+00:00\",\"dateModified\":\"2024-01-11T03:47:29+00:00\",\"breadcrumb\":{\"@id\":\"https:\/\/esnutrifood.com\/aviso-legal\/#breadcrumb\"},\"inLanguage\":\"en-US\",\"potentialAction\":[{\"@type\":\"ReadAction\",\"target\":[\"https:\/\/esnutrifood.com\/aviso-legal\/\"]}]},{\"@type\":\"BreadcrumbList\",\"@id\":\"https:\/\/esnutrifood.com\/aviso-legal\/#breadcrumb\",\"itemListElement\":[{\"@type\":\"ListItem\",\"position\":1,\"name\":\"Portada\",\"item\":\"https:\/\/esnutrifood.com\/\"},{\"@type\":\"ListItem\",\"position\":2,\"name\":\"Aviso legal\"}]},{\"@type\":\"WebSite\",\"@id\":\"https:\/\/esnutrifood.com\/#website\",\"url\":\"https:\/\/esnutrifood.com\/\",\"name\":\"Es Nutri Food\",\"description\":\"Nos especializamos en proporcionar opciones nutritivas y equilibradas para satisfacer tus necesidades y gustos diarios. Tu mejor aliado de comida d\u00eda tras d\u00eda.\",\"publisher\":{\"@id\":\"https:\/\/esnutrifood.com\/#organization\"},\"alternateName\":\"Nutri Food\",\"potentialAction\":[{\"@type\":\"SearchAction\",\"target\":{\"@type\":\"EntryPoint\",\"urlTemplate\":\"https:\/\/esnutrifood.com\/?s={search_term_string}\"},\"query-input\":\"required name=search_term_string\"}],\"inLanguage\":\"en-US\"},{\"@type\":\"Organization\",\"@id\":\"https:\/\/esnutrifood.com\/#organization\",\"name\":\"EsNutriFood\",\"alternateName\":\"EsNutriFood\",\"url\":\"https:\/\/esnutrifood.com\/\",\"logo\":{\"@type\":\"ImageObject\",\"inLanguage\":\"en-US\",\"@id\":\"https:\/\/esnutrifood.com\/#\/schema\/logo\/image\/\",\"url\":\"https:\/\/esnutrifood.com\/wp-content\/uploads\/2024\/01\/icono-banner1-1-e1704904685813.png\",\"contentUrl\":\"https:\/\/esnutrifood.com\/wp-content\/uploads\/2024\/01\/icono-banner1-1-e1704904685813.png\",\"width\":200,\"height\":200,\"caption\":\"EsNutriFood\"},\"image\":{\"@id\":\"https:\/\/esnutrifood.com\/#\/schema\/logo\/image\/\"},\"sameAs\":[\"https:\/\/www.instagram.com\/nutri_foodbcn\/?igshid=OGQ5ZDc2ODk2ZA==\"]}]}<\/script>\n<!-- \/ Yoast SEO plugin. -->","yoast_head_json":{"title":"Aviso legal | Nutri Food","robots":{"index":"index","follow":"follow","max-snippet":"max-snippet:-1","max-image-preview":"max-image-preview:large","max-video-preview":"max-video-preview:-1"},"canonical":"https:\/\/esnutrifood.com\/en\/aviso-legal\/","og_locale":"en_US","og_type":"article","og_title":"Aviso legal | Nutri Food","og_description":"Aviso legal Consentimiento Newsletter: Raz\u00f3n Social: Ser saludable, S.L. C.I.F.: B56696628. Direcci\u00f3n: Calle Gomis 84, local 5 &#8211; Barcelona 08023. Correo Electr\u00f3nico: gestiones@esnutrifood.com. En nombre de Ser saludable, S.L., le informamos que los Datos de Car\u00e1cter Personal recogidos, ser\u00e1n incorporados a un Fichero bajo nuestra responsabilidad, con la finalidad de mantenerle informado sobre las novedades [&hellip;]","og_url":"https:\/\/esnutrifood.com\/en\/aviso-legal\/","og_site_name":"Nutri Food","article_modified_time":"2024-01-11T03:47:29+00:00","og_image":[{"url":"http:\/\/esnutrifood.com\/wp-content\/uploads\/2024\/01\/4f171d18-desi-obj-2.png"}],"twitter_card":"summary_large_image","twitter_misc":{"Est. reading time":"3 minutes"},"schema":{"@context":"https:\/\/schema.org","@graph":[{"@type":"WebPage","@id":"https:\/\/esnutrifood.com\/aviso-legal\/","url":"https:\/\/esnutrifood.com\/aviso-legal\/","name":"Aviso legal | Nutri Food","isPartOf":{"@id":"https:\/\/esnutrifood.com\/#website"},"datePublished":"2023-12-04T22:20:52+00:00","dateModified":"2024-01-11T03:47:29+00:00","breadcrumb":{"@id":"https:\/\/esnutrifood.com\/aviso-legal\/#breadcrumb"},"inLanguage":"en-US","potentialAction":[{"@type":"ReadAction","target":["https:\/\/esnutrifood.com\/aviso-legal\/"]}]},{"@type":"BreadcrumbList","@id":"https:\/\/esnutrifood.com\/aviso-legal\/#breadcrumb","itemListElement":[{"@type":"ListItem","position":1,"name":"Portada","item":"https:\/\/esnutrifood.com\/"},{"@type":"ListItem","position":2,"name":"Aviso legal"}]},{"@type":"WebSite","@id":"https:\/\/esnutrifood.com\/#website","url":"https:\/\/esnutrifood.com\/","name":"Es Nutri Food","description":"Nos especializamos en proporcionar opciones nutritivas y equilibradas para satisfacer tus necesidades y gustos diarios. Tu mejor aliado de comida d\u00eda tras d\u00eda.","publisher":{"@id":"https:\/\/esnutrifood.com\/#organization"},"alternateName":"Nutri Food","potentialAction":[{"@type":"SearchAction","target":{"@type":"EntryPoint","urlTemplate":"https:\/\/esnutrifood.com\/?s={search_term_string}"},"query-input":"required name=search_term_string"}],"inLanguage":"en-US"},{"@type":"Organization","@id":"https:\/\/esnutrifood.com\/#organization","name":"EsNutriFood","alternateName":"EsNutriFood","url":"https:\/\/esnutrifood.com\/","logo":{"@type":"ImageObject","inLanguage":"en-US","@id":"https:\/\/esnutrifood.com\/#\/schema\/logo\/image\/","url":"https:\/\/esnutrifood.com\/wp-content\/uploads\/2024\/01\/icono-banner1-1-e1704904685813.png","contentUrl":"https:\/\/esnutrifood.com\/wp-content\/uploads\/2024\/01\/icono-banner1-1-e1704904685813.png","width":200,"height":200,"caption":"EsNutriFood"},"image":{"@id":"https:\/\/esnutrifood.com\/#\/schema\/logo\/image\/"},"sameAs":["https:\/\/www.instagram.com\/nutri_foodbcn\/?igshid=OGQ5ZDc2ODk2ZA=="]}]}},"_links":{"self":[{"href":"https:\/\/esnutrifood.com\/en\/wp-json\/wp\/v2\/pages\/3"}],"collection":[{"href":"https:\/\/esnutrifood.com\/en\/wp-json\/wp\/v2\/pages"}],"about":[{"href":"https:\/\/esnutrifood.com\/en\/wp-json\/wp\/v2\/types\/page"}],"author":[{"embeddable":true,"href":"https:\/\/esnutrifood.com\/en\/wp-json\/wp\/v2\/users\/1"}],"replies":[{"embeddable":true,"href":"https:\/\/esnutrifood.com\/en\/wp-json\/wp\/v2\/comments?post=3"}],"version-history":[{"count":11,"href":"https:\/\/esnutrifood.com\/en\/wp-json\/wp\/v2\/pages\/3\/revisions"}],"predecessor-version":[{"id":664,"href":"https:\/\/esnutrifood.com\/en\/wp-json\/wp\/v2\/pages\/3\/revisions\/664"}],"wp:attachment":[{"href":"https:\/\/esnutrifood.com\/en\/wp-json\/wp\/v2\/media?parent=3"}],"curies":[{"name":"wp","href":"https:\/\/api.w.org\/{rel}","templated":true}]}}