{"id":777,"date":"2024-01-24T17:03:36","date_gmt":"2024-01-24T16:03:36","guid":{"rendered":"https:\/\/esnutrifood.com\/?page_id=777"},"modified":"2024-01-25T04:13:17","modified_gmt":"2024-01-25T03:13:17","slug":"politicas-de-envio","status":"publish","type":"page","link":"https:\/\/esnutrifood.com\/ca\/politicas-de-envio\/","title":{"rendered":"Pol\u00edtiques d'enviament"},"content":{"rendered":"<div data-elementor-type=\"wp-page\" data-elementor-id=\"777\" class=\"elementor elementor-777\" data-elementor-post-type=\"page\">\n\t\t\t\t\t\t\t\t\t<section class=\"elementor-section elementor-top-section elementor-element elementor-element-0ecff2f elementor-section-full_width elementor-section-stretched elementor-section-height-default elementor-section-height-default\" data-id=\"0ecff2f\" data-element_type=\"section\" data-settings=\"{&quot;background_background&quot;:&quot;classic&quot;,&quot;stretch_section&quot;:&quot;section-stretched&quot;}\">\n\t\t\t\t\t\t\t<div class=\"elementor-background-overlay\"><\/div>\n\t\t\t\t\t\t\t<div class=\"elementor-container elementor-column-gap-no\">\n\t\t\t\t\t<div class=\"elementor-column elementor-col-100 elementor-top-column elementor-element elementor-element-9e5ed88\" data-id=\"9e5ed88\" data-element_type=\"column\" data-settings=\"{&quot;background_background&quot;:&quot;classic&quot;}\">\n\t\t\t<div class=\"elementor-widget-wrap elementor-element-populated\">\n\t\t\t\t\t\t\t\t<section class=\"elementor-section elementor-inner-section elementor-element elementor-element-0757829 elementor-section-full_width elementor-section-height-default elementor-section-height-default\" data-id=\"0757829\" data-element_type=\"section\" data-settings=\"{&quot;background_background&quot;:&quot;classic&quot;}\">\n\t\t\t\t\t\t\t<div class=\"elementor-background-overlay\"><\/div>\n\t\t\t\t\t\t\t<div class=\"elementor-container elementor-column-gap-no\">\n\t\t\t\t\t<div class=\"elementor-column elementor-col-100 elementor-inner-column elementor-element elementor-element-aff6e6f\" data-id=\"aff6e6f\" data-element_type=\"column\">\n\t\t\t<div class=\"elementor-widget-wrap elementor-element-populated\">\n\t\t\t\t\t\t\t\t<div class=\"elementor-element elementor-element-70107fb elementor-widget__width-inherit elementor-invisible elementor-widget elementor-widget-heading\" data-id=\"70107fb\" data-element_type=\"widget\" data-settings=\"{&quot;_animation&quot;:&quot;fadeInLeft&quot;,&quot;_animation_delay&quot;:500}\" data-widget_type=\"heading.default\">\n\t\t\t\t<div class=\"elementor-widget-container\">\n\t\t\t<style>\/*! elementor - v3.18.0 - 20-12-2023 *\/\n.elementor-heading-title{padding:0;margin:0;line-height:1}.elementor-widget-heading .elementor-heading-title[class*=elementor-size-]>a{color:inherit;font-size:inherit;line-height:inherit}.elementor-widget-heading .elementor-heading-title.elementor-size-small{font-size:15px}.elementor-widget-heading .elementor-heading-title.elementor-size-medium{font-size:19px}.elementor-widget-heading .elementor-heading-title.elementor-size-large{font-size:29px}.elementor-widget-heading .elementor-heading-title.elementor-size-xl{font-size:39px}.elementor-widget-heading .elementor-heading-title.elementor-size-xxl{font-size:59px}<\/style><h2 class=\"elementor-heading-title elementor-size-default\">Pol\u00edtiques d'enviament<\/h2>\t\t<\/div>\n\t\t\t\t<\/div>\n\t\t\t\t<div class=\"elementor-element elementor-element-106dcf9 elementor-widget-divider--view-line elementor-widget elementor-widget-divider\" data-id=\"106dcf9\" data-element_type=\"widget\" data-widget_type=\"divider.default\">\n\t\t\t\t<div class=\"elementor-widget-container\">\n\t\t\t<style>\/*! elementor - v3.18.0 - 20-12-2023 *\/\n.elementor-widget-divider{--divider-border-style:none;--divider-border-width:1px;--divider-color:#0c0d0e;--divider-icon-size:20px;--divider-element-spacing:10px;--divider-pattern-height:24px;--divider-pattern-size:20px;--divider-pattern-url:none;--divider-pattern-repeat:repeat-x}.elementor-widget-divider .elementor-divider{display:flex}.elementor-widget-divider .elementor-divider__text{font-size:15px;line-height:1;max-width:95%}.elementor-widget-divider .elementor-divider__element{margin:0 var(--divider-element-spacing);flex-shrink:0}.elementor-widget-divider .elementor-icon{font-size:var(--divider-icon-size)}.elementor-widget-divider .elementor-divider-separator{display:flex;margin:0;direction:ltr}.elementor-widget-divider--view-line_icon .elementor-divider-separator,.elementor-widget-divider--view-line_text .elementor-divider-separator{align-items:center}.elementor-widget-divider--view-line_icon .elementor-divider-separator:after,.elementor-widget-divider--view-line_icon .elementor-divider-separator:before,.elementor-widget-divider--view-line_text .elementor-divider-separator:after,.elementor-widget-divider--view-line_text .elementor-divider-separator:before{display:block;content:\"\";border-bottom:0;flex-grow:1;border-top:var(--divider-border-width) var(--divider-border-style) var(--divider-color)}.elementor-widget-divider--element-align-left .elementor-divider .elementor-divider-separator>.elementor-divider__svg:first-of-type{flex-grow:0;flex-shrink:100}.elementor-widget-divider--element-align-left .elementor-divider-separator:before{content:none}.elementor-widget-divider--element-align-left .elementor-divider__element{margin-left:0}.elementor-widget-divider--element-align-right .elementor-divider .elementor-divider-separator>.elementor-divider__svg:last-of-type{flex-grow:0;flex-shrink:100}.elementor-widget-divider--element-align-right .elementor-divider-separator:after{content:none}.elementor-widget-divider--element-align-right .elementor-divider__element{margin-right:0}.elementor-widget-divider:not(.elementor-widget-divider--view-line_text):not(.elementor-widget-divider--view-line_icon) .elementor-divider-separator{border-top:var(--divider-border-width) var(--divider-border-style) var(--divider-color)}.elementor-widget-divider--separator-type-pattern{--divider-border-style:none}.elementor-widget-divider--separator-type-pattern.elementor-widget-divider--view-line .elementor-divider-separator,.elementor-widget-divider--separator-type-pattern:not(.elementor-widget-divider--view-line) .elementor-divider-separator:after,.elementor-widget-divider--separator-type-pattern:not(.elementor-widget-divider--view-line) .elementor-divider-separator:before,.elementor-widget-divider--separator-type-pattern:not([class*=elementor-widget-divider--view]) .elementor-divider-separator{width:100%;min-height:var(--divider-pattern-height);-webkit-mask-size:var(--divider-pattern-size) 100%;mask-size:var(--divider-pattern-size) 100%;-webkit-mask-repeat:var(--divider-pattern-repeat);mask-repeat:var(--divider-pattern-repeat);background-color:var(--divider-color);-webkit-mask-image:var(--divider-pattern-url);mask-image:var(--divider-pattern-url)}.elementor-widget-divider--no-spacing{--divider-pattern-size:auto}.elementor-widget-divider--bg-round{--divider-pattern-repeat:round}.rtl .elementor-widget-divider .elementor-divider__text{direction:rtl}.e-con-inner>.elementor-widget-divider,.e-con>.elementor-widget-divider{width:var(--container-widget-width,100%);--flex-grow:var(--container-widget-flex-grow)}<\/style>\t\t<div class=\"elementor-divider\">\n\t\t\t<span class=\"elementor-divider-separator\">\n\t\t\t\t\t\t<\/span>\n\t\t<\/div>\n\t\t\t\t<\/div>\n\t\t\t\t<\/div>\n\t\t\t\t<div class=\"elementor-element elementor-element-4b2e8a5 elementor-widget__width-initial elementor-absolute elementor-widget elementor-widget-image\" data-id=\"4b2e8a5\" data-element_type=\"widget\" data-settings=\"{&quot;_position&quot;:&quot;absolute&quot;,&quot;motion_fx_motion_fx_mouse&quot;:&quot;yes&quot;,&quot;motion_fx_mouseTrack_effect&quot;:&quot;yes&quot;,&quot;motion_fx_mouseTrack_speed&quot;:{&quot;unit&quot;:&quot;px&quot;,&quot;size&quot;:0.33,&quot;sizes&quot;:[]}}\" data-widget_type=\"image.default\">\n\t\t\t\t<div class=\"elementor-widget-container\">\n\t\t\t<style>\/*! elementor - v3.18.0 - 20-12-2023 *\/\n.elementor-widget-image{text-align:center}.elementor-widget-image a{display:inline-block}.elementor-widget-image a img[src$=\".svg\"]{width:48px}.elementor-widget-image img{vertical-align:middle;display:inline-block}<\/style>\t\t\t\t\t\t\t\t\t\t\t\t<img decoding=\"async\" width=\"34\" height=\"37\" src=\"https:\/\/esnutrifood.com\/wp-content\/uploads\/2024\/01\/4f171d18-desi-obj-2.png\" class=\"attachment-full size-full wp-image-52\" alt=\"\" \/>\t\t\t\t\t\t\t\t\t\t\t\t\t\t\t<\/div>\n\t\t\t\t<\/div>\n\t\t\t\t\t<\/div>\n\t\t<\/div>\n\t\t\t\t\t\t\t<\/div>\n\t\t<\/section>\n\t\t\t\t\t<\/div>\n\t\t<\/div>\n\t\t\t\t\t\t\t<\/div>\n\t\t<\/section>\n\t\t<div class=\"elementor-element elementor-element-41da034c e-flex e-con-boxed e-con e-parent\" data-id=\"41da034c\" data-element_type=\"container\" data-settings=\"{&quot;content_width&quot;:&quot;boxed&quot;}\" data-core-v316-plus=\"true\">\n\t\t\t\t\t<div class=\"e-con-inner\">\n\t\t\t\t<div class=\"elementor-element elementor-element-78baac5d elementor-widget elementor-widget-text-editor\" data-id=\"78baac5d\" data-element_type=\"widget\" data-widget_type=\"text-editor.default\">\n\t\t\t\t<div class=\"elementor-widget-container\">\n\t\t\t<style>\/*! elementor - v3.18.0 - 20-12-2023 *\/\n.elementor-widget-text-editor.elementor-drop-cap-view-stacked .elementor-drop-cap{background-color:#69727d;color:#fff}.elementor-widget-text-editor.elementor-drop-cap-view-framed .elementor-drop-cap{color:#69727d;border:3px solid;background-color:transparent}.elementor-widget-text-editor:not(.elementor-drop-cap-view-default) .elementor-drop-cap{margin-top:8px}.elementor-widget-text-editor:not(.elementor-drop-cap-view-default) .elementor-drop-cap-letter{width:1em;height:1em}.elementor-widget-text-editor .elementor-drop-cap{float:left;text-align:center;line-height:1;font-size:50px}.elementor-widget-text-editor .elementor-drop-cap-letter{display:inline-block}<\/style>\t\t\t\t<p>A Nutri Food, establim les nostres pol\u00edtiques d'enviament amb l'objectiu de proporcionar un servei transparent i eficient als nostres clients.<\/p><p><strong>Modalitats d'Entrega:<\/strong><\/p><p>Els pedidos seran lliurats a l'adre\u00e7a especificada pel client en el moment de la compra, ja sigui al seu domicili o lloc de treball. La nostra \u00e0rea de servei abasta tota la zona de Barcelona. Per a localitats fora d'aquesta \u00e0rea, es recomana contactar amb nosaltres a trav\u00e9s de Atencionalcliente@esnutrifood.com per verificar la disponibilitat d'entrega.<\/p><p><strong>Empreses Associades:<\/strong><\/p><p>Les empreses associades al nostre servei han de consultar l'horari de lliurament acordat pr\u00e8viament.<\/p><p><strong>Horaris d'Entrega:<\/strong><\/p><p>Les lliuraments es realitzaran de manera regular de dilluns a divendres, en l'interval de les 11:30h a les 15h. Els dissabtes estan subjectes a coordinaci\u00f3 pr\u00e8via amb el nostre equip a trav\u00e9s de Atencionalcliente@esnutrifood.com.<\/p><p><strong>Coordinaci\u00f3 Especial:<\/strong><\/p><p>Per sol\u00b7licitar lliuraments en horaris espec\u00edfics o coordinar circumst\u00e0ncies particulars, s'insta els clients i empreses associades a posar-se en contacte amb el nostre equip d'atenci\u00f3 al client.<\/p><p><strong>Informaci\u00f3 Addicional:<\/strong><\/p><p>Qualsevol consulta addicional sobre la nostra pol\u00edtica d'enviament pot dirigir-se a Atencionalcliente@esnutrifood.com.<br \/>A Nutri Food, ens esforcem per assegurar la satisfacci\u00f3 i confian\u00e7a dels nostres clients.<\/p>\t\t\t\t\t\t<\/div>\n\t\t\t\t<\/div>\n\t\t\t\t\t<\/div>\n\t\t\t\t<\/div>\n\t\t\t\t\t\t\t<\/div>","protected":false},"excerpt":{"rendered":"<p>Pol\u00edticas de env\u00edo En Nutri Food, establecemos nuestra pol\u00edtica de env\u00edo con el objetivo de proporcionar un servicio transparente y eficiente a nuestros clientes. Modalidades de Entrega: Los pedidos ser\u00e1n entregados en la direcci\u00f3n especificada por el cliente al momento de la compra, ya sea en su domicilio o lugar de trabajo. Nuestra \u00e1rea de [&hellip;]<\/p>","protected":false},"author":1,"featured_media":0,"parent":0,"menu_order":0,"comment_status":"closed","ping_status":"closed","template":"elementor_header_footer","meta":{"site-sidebar-layout":"default","site-content-layout":"","ast-site-content-layout":"","site-content-style":"default","site-sidebar-style":"default","ast-global-header-display":"","ast-banner-title-visibility":"","ast-main-header-display":"","ast-hfb-above-header-display":"","ast-hfb-below-header-display":"","ast-hfb-mobile-header-display":"","site-post-title":"","ast-breadcrumbs-content":"","ast-featured-img":"","footer-sml-layout":"","theme-transparent-header-meta":"","adv-header-id-meta":"","stick-header-meta":"","header-above-stick-meta":"","header-main-stick-meta":"","header-below-stick-meta":"","astra-migrate-meta-layouts":"default","ast-page-background-enabled":"default","ast-page-background-meta":{"desktop":{"background-color":"var(--ast-global-color-4)","background-image":"","background-repeat":"repeat","background-position":"center center","background-size":"auto","background-attachment":"scroll","background-type":"","background-media":"","overlay-type":"","overlay-color":"","overlay-gradient":""},"tablet":{"background-color":"","background-image":"","background-repeat":"repeat","background-position":"center center","background-size":"auto","background-attachment":"scroll","background-type":"","background-media":"","overlay-type":"","overlay-color":"","overlay-gradient":""},"mobile":{"background-color":"","background-image":"","background-repeat":"repeat","background-position":"center center","background-size":"auto","background-attachment":"scroll","background-type":"","background-media":"","overlay-type":"","overlay-color":"","overlay-gradient":""}},"ast-content-background-meta":{"desktop":{"background-color":"var(--ast-global-color-5)","background-image":"","background-repeat":"repeat","background-position":"center center","background-size":"auto","background-attachment":"scroll","background-type":"","background-media":"","overlay-type":"","overlay-color":"","overlay-gradient":""},"tablet":{"background-color":"var(--ast-global-color-5)","background-image":"","background-repeat":"repeat","background-position":"center center","background-size":"auto","background-attachment":"scroll","background-type":"","background-media":"","overlay-type":"","overlay-color":"","overlay-gradient":""},"mobile":{"background-color":"var(--ast-global-color-5)","background-image":"","background-repeat":"repeat","background-position":"center center","background-size":"auto","background-attachment":"scroll","background-type":"","background-media":"","overlay-type":"","overlay-color":"","overlay-gradient":""}},"footnotes":"","_joinchat":[]},"yoast_head":"<!-- This site is optimized with the Yoast SEO plugin v21.9.1 - https:\/\/yoast.com\/wordpress\/plugins\/seo\/ -->\n<title>Pol\u00edticas de env\u00edo | Nutri Food<\/title>\n<meta name=\"robots\" content=\"index, follow, max-snippet:-1, max-image-preview:large, max-video-preview:-1\" \/>\n<link rel=\"canonical\" href=\"https:\/\/esnutrifood.com\/ca\/politicas-de-envio\/\" \/>\n<meta property=\"og:locale\" content=\"ca_ES\" \/>\n<meta property=\"og:type\" content=\"article\" \/>\n<meta property=\"og:title\" content=\"Pol\u00edticas de env\u00edo | Nutri Food\" \/>\n<meta property=\"og:description\" content=\"Pol\u00edticas de env\u00edo En Nutri Food, establecemos nuestra pol\u00edtica de env\u00edo con el objetivo de proporcionar un servicio transparente y eficiente a nuestros clientes. Modalidades de Entrega: Los pedidos ser\u00e1n entregados en la direcci\u00f3n especificada por el cliente al momento de la compra, ya sea en su domicilio o lugar de trabajo. Nuestra \u00e1rea de [&hellip;]\" \/>\n<meta property=\"og:url\" content=\"https:\/\/esnutrifood.com\/ca\/politicas-de-envio\/\" \/>\n<meta property=\"og:site_name\" content=\"Nutri Food\" \/>\n<meta property=\"article:modified_time\" content=\"2024-01-25T03:13:17+00:00\" \/>\n<meta property=\"og:image\" content=\"http:\/\/esnutrifood.com\/wp-content\/uploads\/2024\/01\/4f171d18-desi-obj-2.png\" \/>\n<meta name=\"twitter:card\" content=\"summary_large_image\" \/>\n<meta name=\"twitter:label1\" content=\"Temps estimat de lectura\" \/>\n\t<meta name=\"twitter:data1\" content=\"2 minuts\" \/>\n<script type=\"application\/ld+json\" class=\"yoast-schema-graph\">{\"@context\":\"https:\/\/schema.org\",\"@graph\":[{\"@type\":\"WebPage\",\"@id\":\"https:\/\/esnutrifood.com\/politicas-de-envio\/\",\"url\":\"https:\/\/esnutrifood.com\/politicas-de-envio\/\",\"name\":\"Pol\u00edticas de env\u00edo | Nutri Food\",\"isPartOf\":{\"@id\":\"https:\/\/esnutrifood.com\/#website\"},\"datePublished\":\"2024-01-24T16:03:36+00:00\",\"dateModified\":\"2024-01-25T03:13:17+00:00\",\"breadcrumb\":{\"@id\":\"https:\/\/esnutrifood.com\/politicas-de-envio\/#breadcrumb\"},\"inLanguage\":\"ca\",\"potentialAction\":[{\"@type\":\"ReadAction\",\"target\":[\"https:\/\/esnutrifood.com\/politicas-de-envio\/\"]}]},{\"@type\":\"BreadcrumbList\",\"@id\":\"https:\/\/esnutrifood.com\/politicas-de-envio\/#breadcrumb\",\"itemListElement\":[{\"@type\":\"ListItem\",\"position\":1,\"name\":\"Portada\",\"item\":\"https:\/\/esnutrifood.com\/\"},{\"@type\":\"ListItem\",\"position\":2,\"name\":\"Pol\u00edticas de env\u00edo\"}]},{\"@type\":\"WebSite\",\"@id\":\"https:\/\/esnutrifood.com\/#website\",\"url\":\"https:\/\/esnutrifood.com\/\",\"name\":\"Es Nutri Food\",\"description\":\"Nos especializamos en proporcionar opciones nutritivas y equilibradas para satisfacer tus necesidades y gustos diarios. Tu mejor aliado de comida d\u00eda tras d\u00eda.\",\"publisher\":{\"@id\":\"https:\/\/esnutrifood.com\/#organization\"},\"alternateName\":\"Nutri Food\",\"potentialAction\":[{\"@type\":\"SearchAction\",\"target\":{\"@type\":\"EntryPoint\",\"urlTemplate\":\"https:\/\/esnutrifood.com\/?s={search_term_string}\"},\"query-input\":\"required name=search_term_string\"}],\"inLanguage\":\"ca\"},{\"@type\":\"Organization\",\"@id\":\"https:\/\/esnutrifood.com\/#organization\",\"name\":\"EsNutriFood\",\"alternateName\":\"EsNutriFood\",\"url\":\"https:\/\/esnutrifood.com\/\",\"logo\":{\"@type\":\"ImageObject\",\"inLanguage\":\"ca\",\"@id\":\"https:\/\/esnutrifood.com\/#\/schema\/logo\/image\/\",\"url\":\"https:\/\/esnutrifood.com\/wp-content\/uploads\/2024\/01\/icono-banner1-1-e1704904685813.png\",\"contentUrl\":\"https:\/\/esnutrifood.com\/wp-content\/uploads\/2024\/01\/icono-banner1-1-e1704904685813.png\",\"width\":200,\"height\":200,\"caption\":\"EsNutriFood\"},\"image\":{\"@id\":\"https:\/\/esnutrifood.com\/#\/schema\/logo\/image\/\"},\"sameAs\":[\"https:\/\/www.instagram.com\/nutri_foodbcn\/?igshid=OGQ5ZDc2ODk2ZA==\"]}]}<\/script>\n<!-- \/ Yoast SEO plugin. -->","yoast_head_json":{"title":"Pol\u00edticas de env\u00edo | Nutri Food","robots":{"index":"index","follow":"follow","max-snippet":"max-snippet:-1","max-image-preview":"max-image-preview:large","max-video-preview":"max-video-preview:-1"},"canonical":"https:\/\/esnutrifood.com\/ca\/politicas-de-envio\/","og_locale":"ca_ES","og_type":"article","og_title":"Pol\u00edticas de env\u00edo | Nutri Food","og_description":"Pol\u00edticas de env\u00edo En Nutri Food, establecemos nuestra pol\u00edtica de env\u00edo con el objetivo de proporcionar un servicio transparente y eficiente a nuestros clientes. Modalidades de Entrega: Los pedidos ser\u00e1n entregados en la direcci\u00f3n especificada por el cliente al momento de la compra, ya sea en su domicilio o lugar de trabajo. Nuestra \u00e1rea de [&hellip;]","og_url":"https:\/\/esnutrifood.com\/ca\/politicas-de-envio\/","og_site_name":"Nutri Food","article_modified_time":"2024-01-25T03:13:17+00:00","og_image":[{"url":"http:\/\/esnutrifood.com\/wp-content\/uploads\/2024\/01\/4f171d18-desi-obj-2.png"}],"twitter_card":"summary_large_image","twitter_misc":{"Temps estimat de lectura":"2 minuts"},"schema":{"@context":"https:\/\/schema.org","@graph":[{"@type":"WebPage","@id":"https:\/\/esnutrifood.com\/politicas-de-envio\/","url":"https:\/\/esnutrifood.com\/politicas-de-envio\/","name":"Pol\u00edticas de env\u00edo | Nutri Food","isPartOf":{"@id":"https:\/\/esnutrifood.com\/#website"},"datePublished":"2024-01-24T16:03:36+00:00","dateModified":"2024-01-25T03:13:17+00:00","breadcrumb":{"@id":"https:\/\/esnutrifood.com\/politicas-de-envio\/#breadcrumb"},"inLanguage":"ca","potentialAction":[{"@type":"ReadAction","target":["https:\/\/esnutrifood.com\/politicas-de-envio\/"]}]},{"@type":"BreadcrumbList","@id":"https:\/\/esnutrifood.com\/politicas-de-envio\/#breadcrumb","itemListElement":[{"@type":"ListItem","position":1,"name":"Portada","item":"https:\/\/esnutrifood.com\/"},{"@type":"ListItem","position":2,"name":"Pol\u00edticas de env\u00edo"}]},{"@type":"WebSite","@id":"https:\/\/esnutrifood.com\/#website","url":"https:\/\/esnutrifood.com\/","name":"Es Nutri Food","description":"Nos especializamos en proporcionar opciones nutritivas y equilibradas para satisfacer tus necesidades y gustos diarios. Tu mejor aliado de comida d\u00eda tras d\u00eda.","publisher":{"@id":"https:\/\/esnutrifood.com\/#organization"},"alternateName":"Nutri Food","potentialAction":[{"@type":"SearchAction","target":{"@type":"EntryPoint","urlTemplate":"https:\/\/esnutrifood.com\/?s={search_term_string}"},"query-input":"required name=search_term_string"}],"inLanguage":"ca"},{"@type":"Organization","@id":"https:\/\/esnutrifood.com\/#organization","name":"EsNutriFood","alternateName":"EsNutriFood","url":"https:\/\/esnutrifood.com\/","logo":{"@type":"ImageObject","inLanguage":"ca","@id":"https:\/\/esnutrifood.com\/#\/schema\/logo\/image\/","url":"https:\/\/esnutrifood.com\/wp-content\/uploads\/2024\/01\/icono-banner1-1-e1704904685813.png","contentUrl":"https:\/\/esnutrifood.com\/wp-content\/uploads\/2024\/01\/icono-banner1-1-e1704904685813.png","width":200,"height":200,"caption":"EsNutriFood"},"image":{"@id":"https:\/\/esnutrifood.com\/#\/schema\/logo\/image\/"},"sameAs":["https:\/\/www.instagram.com\/nutri_foodbcn\/?igshid=OGQ5ZDc2ODk2ZA=="]}]}},"_links":{"self":[{"href":"https:\/\/esnutrifood.com\/ca\/wp-json\/wp\/v2\/pages\/777"}],"collection":[{"href":"https:\/\/esnutrifood.com\/ca\/wp-json\/wp\/v2\/pages"}],"about":[{"href":"https:\/\/esnutrifood.com\/ca\/wp-json\/wp\/v2\/types\/page"}],"author":[{"embeddable":true,"href":"https:\/\/esnutrifood.com\/ca\/wp-json\/wp\/v2\/users\/1"}],"replies":[{"embeddable":true,"href":"https:\/\/esnutrifood.com\/ca\/wp-json\/wp\/v2\/comments?post=777"}],"version-history":[{"count":7,"href":"https:\/\/esnutrifood.com\/ca\/wp-json\/wp\/v2\/pages\/777\/revisions"}],"predecessor-version":[{"id":787,"href":"https:\/\/esnutrifood.com\/ca\/wp-json\/wp\/v2\/pages\/777\/revisions\/787"}],"wp:attachment":[{"href":"https:\/\/esnutrifood.com\/ca\/wp-json\/wp\/v2\/media?parent=777"}],"curies":[{"name":"wp","href":"https:\/\/api.w.org\/{rel}","templated":true}]}}