{"id":3,"date":"2023-12-04T23:20:52","date_gmt":"2023-12-04T22:20:52","guid":{"rendered":"http:\/\/esnutrifood.com\/?page_id=3"},"modified":"2024-01-11T04:47:29","modified_gmt":"2024-01-11T03:47:29","slug":"aviso-legal","status":"publish","type":"page","link":"https:\/\/esnutrifood.com\/ca\/aviso-legal\/","title":{"rendered":"Av\u00eds Legal"},"content":{"rendered":"<div data-elementor-type=\"wp-page\" data-elementor-id=\"3\" class=\"elementor elementor-3\" data-elementor-post-type=\"page\">\n\t\t\t\t\t\t\t\t\t<section class=\"elementor-section elementor-top-section elementor-element elementor-element-0ecff2f elementor-section-full_width elementor-section-stretched elementor-section-height-default elementor-section-height-default\" data-id=\"0ecff2f\" data-element_type=\"section\" data-settings=\"{&quot;background_background&quot;:&quot;classic&quot;,&quot;stretch_section&quot;:&quot;section-stretched&quot;}\">\n\t\t\t\t\t\t\t<div class=\"elementor-background-overlay\"><\/div>\n\t\t\t\t\t\t\t<div class=\"elementor-container elementor-column-gap-no\">\n\t\t\t\t\t<div class=\"elementor-column elementor-col-100 elementor-top-column elementor-element elementor-element-9e5ed88\" data-id=\"9e5ed88\" data-element_type=\"column\" data-settings=\"{&quot;background_background&quot;:&quot;classic&quot;}\">\n\t\t\t<div class=\"elementor-widget-wrap elementor-element-populated\">\n\t\t\t\t\t\t\t\t<section class=\"elementor-section elementor-inner-section elementor-element elementor-element-0757829 elementor-section-full_width elementor-section-height-default elementor-section-height-default\" data-id=\"0757829\" data-element_type=\"section\" data-settings=\"{&quot;background_background&quot;:&quot;classic&quot;}\">\n\t\t\t\t\t\t\t<div class=\"elementor-background-overlay\"><\/div>\n\t\t\t\t\t\t\t<div class=\"elementor-container elementor-column-gap-no\">\n\t\t\t\t\t<div class=\"elementor-column elementor-col-100 elementor-inner-column elementor-element elementor-element-aff6e6f\" data-id=\"aff6e6f\" data-element_type=\"column\">\n\t\t\t<div class=\"elementor-widget-wrap elementor-element-populated\">\n\t\t\t\t\t\t\t\t<div class=\"elementor-element elementor-element-70107fb elementor-widget__width-inherit elementor-invisible elementor-widget elementor-widget-heading\" data-id=\"70107fb\" data-element_type=\"widget\" data-settings=\"{&quot;_animation&quot;:&quot;fadeInLeft&quot;,&quot;_animation_delay&quot;:500}\" data-widget_type=\"heading.default\">\n\t\t\t\t<div class=\"elementor-widget-container\">\n\t\t\t<style>\/*! elementor - v3.18.0 - 20-12-2023 *\/\n.elementor-heading-title{padding:0;margin:0;line-height:1}.elementor-widget-heading .elementor-heading-title[class*=elementor-size-]>a{color:inherit;font-size:inherit;line-height:inherit}.elementor-widget-heading .elementor-heading-title.elementor-size-small{font-size:15px}.elementor-widget-heading .elementor-heading-title.elementor-size-medium{font-size:19px}.elementor-widget-heading .elementor-heading-title.elementor-size-large{font-size:29px}.elementor-widget-heading .elementor-heading-title.elementor-size-xl{font-size:39px}.elementor-widget-heading .elementor-heading-title.elementor-size-xxl{font-size:59px}<\/style><h2 class=\"elementor-heading-title elementor-size-default\">Av\u00eds Legal<\/h2>\t\t<\/div>\n\t\t\t\t<\/div>\n\t\t\t\t<div class=\"elementor-element elementor-element-106dcf9 elementor-widget-divider--view-line elementor-widget elementor-widget-divider\" data-id=\"106dcf9\" data-element_type=\"widget\" data-widget_type=\"divider.default\">\n\t\t\t\t<div class=\"elementor-widget-container\">\n\t\t\t<style>\/*! elementor - v3.18.0 - 20-12-2023 *\/\n.elementor-widget-divider{--divider-border-style:none;--divider-border-width:1px;--divider-color:#0c0d0e;--divider-icon-size:20px;--divider-element-spacing:10px;--divider-pattern-height:24px;--divider-pattern-size:20px;--divider-pattern-url:none;--divider-pattern-repeat:repeat-x}.elementor-widget-divider .elementor-divider{display:flex}.elementor-widget-divider .elementor-divider__text{font-size:15px;line-height:1;max-width:95%}.elementor-widget-divider .elementor-divider__element{margin:0 var(--divider-element-spacing);flex-shrink:0}.elementor-widget-divider .elementor-icon{font-size:var(--divider-icon-size)}.elementor-widget-divider .elementor-divider-separator{display:flex;margin:0;direction:ltr}.elementor-widget-divider--view-line_icon .elementor-divider-separator,.elementor-widget-divider--view-line_text .elementor-divider-separator{align-items:center}.elementor-widget-divider--view-line_icon .elementor-divider-separator:after,.elementor-widget-divider--view-line_icon .elementor-divider-separator:before,.elementor-widget-divider--view-line_text .elementor-divider-separator:after,.elementor-widget-divider--view-line_text .elementor-divider-separator:before{display:block;content:\"\";border-bottom:0;flex-grow:1;border-top:var(--divider-border-width) var(--divider-border-style) var(--divider-color)}.elementor-widget-divider--element-align-left .elementor-divider .elementor-divider-separator>.elementor-divider__svg:first-of-type{flex-grow:0;flex-shrink:100}.elementor-widget-divider--element-align-left .elementor-divider-separator:before{content:none}.elementor-widget-divider--element-align-left .elementor-divider__element{margin-left:0}.elementor-widget-divider--element-align-right .elementor-divider .elementor-divider-separator>.elementor-divider__svg:last-of-type{flex-grow:0;flex-shrink:100}.elementor-widget-divider--element-align-right .elementor-divider-separator:after{content:none}.elementor-widget-divider--element-align-right .elementor-divider__element{margin-right:0}.elementor-widget-divider:not(.elementor-widget-divider--view-line_text):not(.elementor-widget-divider--view-line_icon) .elementor-divider-separator{border-top:var(--divider-border-width) var(--divider-border-style) var(--divider-color)}.elementor-widget-divider--separator-type-pattern{--divider-border-style:none}.elementor-widget-divider--separator-type-pattern.elementor-widget-divider--view-line .elementor-divider-separator,.elementor-widget-divider--separator-type-pattern:not(.elementor-widget-divider--view-line) .elementor-divider-separator:after,.elementor-widget-divider--separator-type-pattern:not(.elementor-widget-divider--view-line) .elementor-divider-separator:before,.elementor-widget-divider--separator-type-pattern:not([class*=elementor-widget-divider--view]) .elementor-divider-separator{width:100%;min-height:var(--divider-pattern-height);-webkit-mask-size:var(--divider-pattern-size) 100%;mask-size:var(--divider-pattern-size) 100%;-webkit-mask-repeat:var(--divider-pattern-repeat);mask-repeat:var(--divider-pattern-repeat);background-color:var(--divider-color);-webkit-mask-image:var(--divider-pattern-url);mask-image:var(--divider-pattern-url)}.elementor-widget-divider--no-spacing{--divider-pattern-size:auto}.elementor-widget-divider--bg-round{--divider-pattern-repeat:round}.rtl .elementor-widget-divider .elementor-divider__text{direction:rtl}.e-con-inner>.elementor-widget-divider,.e-con>.elementor-widget-divider{width:var(--container-widget-width,100%);--flex-grow:var(--container-widget-flex-grow)}<\/style>\t\t<div class=\"elementor-divider\">\n\t\t\t<span class=\"elementor-divider-separator\">\n\t\t\t\t\t\t<\/span>\n\t\t<\/div>\n\t\t\t\t<\/div>\n\t\t\t\t<\/div>\n\t\t\t\t<div class=\"elementor-element elementor-element-4b2e8a5 elementor-widget__width-initial elementor-absolute elementor-widget elementor-widget-image\" data-id=\"4b2e8a5\" data-element_type=\"widget\" data-settings=\"{&quot;_position&quot;:&quot;absolute&quot;,&quot;motion_fx_motion_fx_mouse&quot;:&quot;yes&quot;,&quot;motion_fx_mouseTrack_effect&quot;:&quot;yes&quot;,&quot;motion_fx_mouseTrack_speed&quot;:{&quot;unit&quot;:&quot;px&quot;,&quot;size&quot;:0.33,&quot;sizes&quot;:[]}}\" data-widget_type=\"image.default\">\n\t\t\t\t<div class=\"elementor-widget-container\">\n\t\t\t<style>\/*! elementor - v3.18.0 - 20-12-2023 *\/\n.elementor-widget-image{text-align:center}.elementor-widget-image a{display:inline-block}.elementor-widget-image a img[src$=\".svg\"]{width:48px}.elementor-widget-image img{vertical-align:middle;display:inline-block}<\/style>\t\t\t\t\t\t\t\t\t\t\t\t<img decoding=\"async\" width=\"34\" height=\"37\" src=\"https:\/\/esnutrifood.com\/wp-content\/uploads\/2024\/01\/4f171d18-desi-obj-2.png\" class=\"attachment-full size-full wp-image-52\" alt=\"\" \/>\t\t\t\t\t\t\t\t\t\t\t\t\t\t\t<\/div>\n\t\t\t\t<\/div>\n\t\t\t\t\t<\/div>\n\t\t<\/div>\n\t\t\t\t\t\t\t<\/div>\n\t\t<\/section>\n\t\t\t\t\t<\/div>\n\t\t<\/div>\n\t\t\t\t\t\t\t<\/div>\n\t\t<\/section>\n\t\t<div class=\"elementor-element elementor-element-41da034c e-flex e-con-boxed e-con e-parent\" data-id=\"41da034c\" data-element_type=\"container\" data-settings=\"{&quot;content_width&quot;:&quot;boxed&quot;}\" data-core-v316-plus=\"true\">\n\t\t\t\t\t<div class=\"e-con-inner\">\n\t\t\t\t<div class=\"elementor-element elementor-element-78baac5d elementor-widget elementor-widget-text-editor\" data-id=\"78baac5d\" data-element_type=\"widget\" data-widget_type=\"text-editor.default\">\n\t\t\t\t<div class=\"elementor-widget-container\">\n\t\t\t<style>\/*! elementor - v3.18.0 - 20-12-2023 *\/\n.elementor-widget-text-editor.elementor-drop-cap-view-stacked .elementor-drop-cap{background-color:#69727d;color:#fff}.elementor-widget-text-editor.elementor-drop-cap-view-framed .elementor-drop-cap{color:#69727d;border:3px solid;background-color:transparent}.elementor-widget-text-editor:not(.elementor-drop-cap-view-default) .elementor-drop-cap{margin-top:8px}.elementor-widget-text-editor:not(.elementor-drop-cap-view-default) .elementor-drop-cap-letter{width:1em;height:1em}.elementor-widget-text-editor .elementor-drop-cap{float:left;text-align:center;line-height:1;font-size:50px}.elementor-widget-text-editor .elementor-drop-cap-letter{display:inline-block}<\/style>\t\t\t\t<p><strong>Consentiment Newsletter:<\/strong><\/p>\n<p>Raz\u00f3n Social: Ser saludable, S.L.<\/p>\n<p>C.I.F.: B56696628.<\/p>\n<p>Direcci\u00f3: Carrer Gomis 84, local 5 \u2013 Barcelona 08023.<\/p>\n<p>Correu Electr\u00f2nic: gestiones@esnutrifood.com.<\/p>\n<p>En nom de Ser saludable, S.L., us informem que les Dades de Car\u00e0cter Personal recollides seran incorporades a un Fitxer sota la nostra responsabilitat, amb la finalitat de mantenir-vos informats sobre les novetats dels productes i serveis que oferim. Les dades proporcionades es conservaran mentre es mantingui la relaci\u00f3 comercial o durant els anys necessaris per complir amb les obligacions legals. Les dades no es cediran a tercers llevat que hi hagi una obligaci\u00f3 legal.<\/p>\n<p>Teniu dret a obtenir confirmaci\u00f3 sobre si Ser saludable, S.L., est\u00e0 tractant les vostres dades personals, per tant, teniu dret a accedir a les vostres dades personals, rectificar les dades inexactes o sol\u00b7licitar-ne la supressi\u00f3 quan les dades ja no siguin necess\u00e0ries.<\/p>\n<p>Segons l'establert en el RGPD (Reglament (UE) 2016\/679), us proporcionem la Informaci\u00f3 Detallada de Protecci\u00f3 de Dades que s'exposa a continuaci\u00f3:<\/p>\n<p><strong>Responsable:<\/strong><\/p>\n<p>Raz\u00f3n Social: Ser saludable, S.L.<\/p>\n<p>C.I.F.: B56696628.<\/p>\n<p>Direcci\u00f3: Carrer Gomis 84, local 5 \u2013 Barcelona 08023.<\/p>\n<p>Correu Electr\u00f2nic: gestiones@esnutrifood.com.<\/p>\n<p><strong>Finalitat:<\/strong><\/p>\n<p>Us informem que les Dades de Car\u00e0cter Personal recollides seran incorporades a un Fitxer sota la nostra responsabilitat, amb la finalitat de gestionar l'enviament de la informaci\u00f3 que ens sol\u00b7liciteu i facilitar als interessats ofertes de productes i serveis del vostre inter\u00e8s. Les dades proporcionades es conservaran mentre es mantingui la relaci\u00f3 comercial, durant els anys necessaris per complir amb les obligacions legals o es sol\u00b7liciti la seva supressi\u00f3 per part de l'interessat.<\/p>\n<p><strong>Legitimaci\u00f3:<\/strong><\/p>\n<p>Les Dades de Car\u00e0cter Personal obtingudes en aquesta P\u00e0gina Web, aix\u00ed com l'oferta de productes i serveis oferts, est\u00e0 basada en el consentiment que se li sol\u00b7licita a l'interessat.<\/p>\n<p>L'interessat tindr\u00e0 dret a retirar el seu consentiment en qualsevol moment. La retirada del consentiment no afectar\u00e0 la legalitat del tractament basat en el consentiment previ a la seva retirada.<\/p>\n<p><strong>Destinataris:<\/strong><\/p>\n<p>La informaci\u00f3 de Comanda que recopilem nom\u00e9s es cedir\u00e0 a tercers llevat d'obligacions legals i pel processament de la informaci\u00f3 de pagament, organitzaci\u00f3 de l'enviament de la comanda i de les factures i\/o confirmaci\u00f3.<\/p>\n<p><strong>Drets:<\/strong><\/p>\n<p>Vost\u00e8 com a interessat directe, t\u00e9 dret a obtenir confirmaci\u00f3 sobre si en Ser saludable, S.L., estem tractant dades personals que li concerneixen, o no. Vost\u00e8 t\u00e9 dret a accedir a les seves dades personals, aix\u00ed com a sol\u00b7licitar la rectificaci\u00f3 de les dades inexactes o, si escau, sol\u00b7licitar-ne la supressi\u00f3 quan, entre d'altres motius, les dades ja no siguin necess\u00e0ries per als fins que es van recollir.<\/p>\n<p>En determinades circumst\u00e0ncies, vost\u00e8 podr\u00e0 sol\u00b7licitar la limitaci\u00f3 del tractament de les seves dades, en aquest cas \u00fanicament les conservarem per a l'exercici o la defensa de reclamacions.<\/p>\n<p>En determinades circumst\u00e0ncies i per motius relacionats amb la vostra situaci\u00f3 particular, podreu oposar-vos al tractament de les vostres dades. Ser saludable, S.L., deixar\u00e0 de tractar les dades, tret de motius leg\u00edtims imperiosos, o l'exercici o la defensa de possibles reclamacions.<\/p>\n<p>En determinades circumst\u00e0ncies, vost\u00e8 tendr\u00e0 dret a rebre les dades personals que li incloguin i que ens hagi facilitat, i transmetre-les o sol\u00b7licitar que se les proporcionem a un tercer sense objecci\u00f3 per part nostra (dret a la portabilitat de dades).<\/p>\n<p>En determinades circumst\u00e0ncies, li informem que tendr\u00e0 dret a no ser objecte d'una decisi\u00f3 basada \u00fanicament en el tractament automatitzat, inclosa l'elaboraci\u00f3 de perfils, que produeixi efectes jur\u00eddics sobre vost\u00e8 o l'afecti significativament de manera similar.<\/p>\t\t\t\t\t\t<\/div>\n\t\t\t\t<\/div>\n\t\t\t\t\t<\/div>\n\t\t\t\t<\/div>\n\t\t\t\t\t\t\t<\/div>","protected":false},"excerpt":{"rendered":"<p>Aviso legal Consentimiento Newsletter: Raz\u00f3n Social: Ser saludable, S.L. C.I.F.: B56696628. Direcci\u00f3n: Calle Gomis 84, local 5 &#8211; Barcelona 08023. Correo Electr\u00f3nico: gestiones@esnutrifood.com. En nombre de Ser saludable, S.L., le informamos que los Datos de Car\u00e1cter Personal recogidos, ser\u00e1n incorporados a un Fichero bajo nuestra responsabilidad, con la finalidad de mantenerle informado sobre las novedades [&hellip;]<\/p>","protected":false},"author":1,"featured_media":0,"parent":0,"menu_order":0,"comment_status":"closed","ping_status":"closed","template":"elementor_header_footer","meta":{"site-sidebar-layout":"default","site-content-layout":"","ast-site-content-layout":"","site-content-style":"default","site-sidebar-style":"default","ast-global-header-display":"","ast-banner-title-visibility":"","ast-main-header-display":"","ast-hfb-above-header-display":"","ast-hfb-below-header-display":"","ast-hfb-mobile-header-display":"","site-post-title":"","ast-breadcrumbs-content":"","ast-featured-img":"","footer-sml-layout":"","theme-transparent-header-meta":"","adv-header-id-meta":"","stick-header-meta":"","header-above-stick-meta":"","header-main-stick-meta":"","header-below-stick-meta":"","astra-migrate-meta-layouts":"default","ast-page-background-enabled":"default","ast-page-background-meta":{"desktop":{"background-color":"var(--ast-global-color-4)","background-image":"","background-repeat":"repeat","background-position":"center center","background-size":"auto","background-attachment":"scroll","background-type":"","background-media":"","overlay-type":"","overlay-color":"","overlay-gradient":""},"tablet":{"background-color":"","background-image":"","background-repeat":"repeat","background-position":"center center","background-size":"auto","background-attachment":"scroll","background-type":"","background-media":"","overlay-type":"","overlay-color":"","overlay-gradient":""},"mobile":{"background-color":"","background-image":"","background-repeat":"repeat","background-position":"center center","background-size":"auto","background-attachment":"scroll","background-type":"","background-media":"","overlay-type":"","overlay-color":"","overlay-gradient":""}},"ast-content-background-meta":{"desktop":{"background-color":"var(--ast-global-color-5)","background-image":"","background-repeat":"repeat","background-position":"center center","background-size":"auto","background-attachment":"scroll","background-type":"","background-media":"","overlay-type":"","overlay-color":"","overlay-gradient":""},"tablet":{"background-color":"var(--ast-global-color-5)","background-image":"","background-repeat":"repeat","background-position":"center center","background-size":"auto","background-attachment":"scroll","background-type":"","background-media":"","overlay-type":"","overlay-color":"","overlay-gradient":""},"mobile":{"background-color":"var(--ast-global-color-5)","background-image":"","background-repeat":"repeat","background-position":"center center","background-size":"auto","background-attachment":"scroll","background-type":"","background-media":"","overlay-type":"","overlay-color":"","overlay-gradient":""}},"footnotes":"","_joinchat":[]},"yoast_head":"<!-- This site is optimized with the Yoast SEO plugin v21.9.1 - https:\/\/yoast.com\/wordpress\/plugins\/seo\/ -->\n<title>Aviso legal | Nutri Food<\/title>\n<meta name=\"robots\" content=\"index, follow, max-snippet:-1, max-image-preview:large, max-video-preview:-1\" \/>\n<link rel=\"canonical\" href=\"https:\/\/esnutrifood.com\/ca\/aviso-legal\/\" \/>\n<meta property=\"og:locale\" content=\"ca_ES\" \/>\n<meta property=\"og:type\" content=\"article\" \/>\n<meta property=\"og:title\" content=\"Aviso legal | Nutri Food\" \/>\n<meta property=\"og:description\" content=\"Aviso legal Consentimiento Newsletter: Raz\u00f3n Social: Ser saludable, S.L. C.I.F.: B56696628. Direcci\u00f3n: Calle Gomis 84, local 5 &#8211; Barcelona 08023. Correo Electr\u00f3nico: gestiones@esnutrifood.com. En nombre de Ser saludable, S.L., le informamos que los Datos de Car\u00e1cter Personal recogidos, ser\u00e1n incorporados a un Fichero bajo nuestra responsabilidad, con la finalidad de mantenerle informado sobre las novedades [&hellip;]\" \/>\n<meta property=\"og:url\" content=\"https:\/\/esnutrifood.com\/ca\/aviso-legal\/\" \/>\n<meta property=\"og:site_name\" content=\"Nutri Food\" \/>\n<meta property=\"article:modified_time\" content=\"2024-01-11T03:47:29+00:00\" \/>\n<meta property=\"og:image\" content=\"http:\/\/esnutrifood.com\/wp-content\/uploads\/2024\/01\/4f171d18-desi-obj-2.png\" \/>\n<meta name=\"twitter:card\" content=\"summary_large_image\" \/>\n<meta name=\"twitter:label1\" content=\"Temps estimat de lectura\" \/>\n\t<meta name=\"twitter:data1\" content=\"3 minuts\" \/>\n<script type=\"application\/ld+json\" class=\"yoast-schema-graph\">{\"@context\":\"https:\/\/schema.org\",\"@graph\":[{\"@type\":\"WebPage\",\"@id\":\"https:\/\/esnutrifood.com\/aviso-legal\/\",\"url\":\"https:\/\/esnutrifood.com\/aviso-legal\/\",\"name\":\"Aviso legal | Nutri Food\",\"isPartOf\":{\"@id\":\"https:\/\/esnutrifood.com\/#website\"},\"datePublished\":\"2023-12-04T22:20:52+00:00\",\"dateModified\":\"2024-01-11T03:47:29+00:00\",\"breadcrumb\":{\"@id\":\"https:\/\/esnutrifood.com\/aviso-legal\/#breadcrumb\"},\"inLanguage\":\"ca\",\"potentialAction\":[{\"@type\":\"ReadAction\",\"target\":[\"https:\/\/esnutrifood.com\/aviso-legal\/\"]}]},{\"@type\":\"BreadcrumbList\",\"@id\":\"https:\/\/esnutrifood.com\/aviso-legal\/#breadcrumb\",\"itemListElement\":[{\"@type\":\"ListItem\",\"position\":1,\"name\":\"Portada\",\"item\":\"https:\/\/esnutrifood.com\/\"},{\"@type\":\"ListItem\",\"position\":2,\"name\":\"Aviso legal\"}]},{\"@type\":\"WebSite\",\"@id\":\"https:\/\/esnutrifood.com\/#website\",\"url\":\"https:\/\/esnutrifood.com\/\",\"name\":\"Es Nutri Food\",\"description\":\"Nos especializamos en proporcionar opciones nutritivas y equilibradas para satisfacer tus necesidades y gustos diarios. Tu mejor aliado de comida d\u00eda tras d\u00eda.\",\"publisher\":{\"@id\":\"https:\/\/esnutrifood.com\/#organization\"},\"alternateName\":\"Nutri Food\",\"potentialAction\":[{\"@type\":\"SearchAction\",\"target\":{\"@type\":\"EntryPoint\",\"urlTemplate\":\"https:\/\/esnutrifood.com\/?s={search_term_string}\"},\"query-input\":\"required name=search_term_string\"}],\"inLanguage\":\"ca\"},{\"@type\":\"Organization\",\"@id\":\"https:\/\/esnutrifood.com\/#organization\",\"name\":\"EsNutriFood\",\"alternateName\":\"EsNutriFood\",\"url\":\"https:\/\/esnutrifood.com\/\",\"logo\":{\"@type\":\"ImageObject\",\"inLanguage\":\"ca\",\"@id\":\"https:\/\/esnutrifood.com\/#\/schema\/logo\/image\/\",\"url\":\"https:\/\/esnutrifood.com\/wp-content\/uploads\/2024\/01\/icono-banner1-1-e1704904685813.png\",\"contentUrl\":\"https:\/\/esnutrifood.com\/wp-content\/uploads\/2024\/01\/icono-banner1-1-e1704904685813.png\",\"width\":200,\"height\":200,\"caption\":\"EsNutriFood\"},\"image\":{\"@id\":\"https:\/\/esnutrifood.com\/#\/schema\/logo\/image\/\"},\"sameAs\":[\"https:\/\/www.instagram.com\/nutri_foodbcn\/?igshid=OGQ5ZDc2ODk2ZA==\"]}]}<\/script>\n<!-- \/ Yoast SEO plugin. -->","yoast_head_json":{"title":"Aviso legal | Nutri Food","robots":{"index":"index","follow":"follow","max-snippet":"max-snippet:-1","max-image-preview":"max-image-preview:large","max-video-preview":"max-video-preview:-1"},"canonical":"https:\/\/esnutrifood.com\/ca\/aviso-legal\/","og_locale":"ca_ES","og_type":"article","og_title":"Aviso legal | Nutri Food","og_description":"Aviso legal Consentimiento Newsletter: Raz\u00f3n Social: Ser saludable, S.L. C.I.F.: B56696628. Direcci\u00f3n: Calle Gomis 84, local 5 &#8211; Barcelona 08023. Correo Electr\u00f3nico: gestiones@esnutrifood.com. En nombre de Ser saludable, S.L., le informamos que los Datos de Car\u00e1cter Personal recogidos, ser\u00e1n incorporados a un Fichero bajo nuestra responsabilidad, con la finalidad de mantenerle informado sobre las novedades [&hellip;]","og_url":"https:\/\/esnutrifood.com\/ca\/aviso-legal\/","og_site_name":"Nutri Food","article_modified_time":"2024-01-11T03:47:29+00:00","og_image":[{"url":"http:\/\/esnutrifood.com\/wp-content\/uploads\/2024\/01\/4f171d18-desi-obj-2.png"}],"twitter_card":"summary_large_image","twitter_misc":{"Temps estimat de lectura":"3 minuts"},"schema":{"@context":"https:\/\/schema.org","@graph":[{"@type":"WebPage","@id":"https:\/\/esnutrifood.com\/aviso-legal\/","url":"https:\/\/esnutrifood.com\/aviso-legal\/","name":"Aviso legal | Nutri Food","isPartOf":{"@id":"https:\/\/esnutrifood.com\/#website"},"datePublished":"2023-12-04T22:20:52+00:00","dateModified":"2024-01-11T03:47:29+00:00","breadcrumb":{"@id":"https:\/\/esnutrifood.com\/aviso-legal\/#breadcrumb"},"inLanguage":"ca","potentialAction":[{"@type":"ReadAction","target":["https:\/\/esnutrifood.com\/aviso-legal\/"]}]},{"@type":"BreadcrumbList","@id":"https:\/\/esnutrifood.com\/aviso-legal\/#breadcrumb","itemListElement":[{"@type":"ListItem","position":1,"name":"Portada","item":"https:\/\/esnutrifood.com\/"},{"@type":"ListItem","position":2,"name":"Aviso legal"}]},{"@type":"WebSite","@id":"https:\/\/esnutrifood.com\/#website","url":"https:\/\/esnutrifood.com\/","name":"Es Nutri Food","description":"Nos especializamos en proporcionar opciones nutritivas y equilibradas para satisfacer tus necesidades y gustos diarios. Tu mejor aliado de comida d\u00eda tras d\u00eda.","publisher":{"@id":"https:\/\/esnutrifood.com\/#organization"},"alternateName":"Nutri Food","potentialAction":[{"@type":"SearchAction","target":{"@type":"EntryPoint","urlTemplate":"https:\/\/esnutrifood.com\/?s={search_term_string}"},"query-input":"required name=search_term_string"}],"inLanguage":"ca"},{"@type":"Organization","@id":"https:\/\/esnutrifood.com\/#organization","name":"EsNutriFood","alternateName":"EsNutriFood","url":"https:\/\/esnutrifood.com\/","logo":{"@type":"ImageObject","inLanguage":"ca","@id":"https:\/\/esnutrifood.com\/#\/schema\/logo\/image\/","url":"https:\/\/esnutrifood.com\/wp-content\/uploads\/2024\/01\/icono-banner1-1-e1704904685813.png","contentUrl":"https:\/\/esnutrifood.com\/wp-content\/uploads\/2024\/01\/icono-banner1-1-e1704904685813.png","width":200,"height":200,"caption":"EsNutriFood"},"image":{"@id":"https:\/\/esnutrifood.com\/#\/schema\/logo\/image\/"},"sameAs":["https:\/\/www.instagram.com\/nutri_foodbcn\/?igshid=OGQ5ZDc2ODk2ZA=="]}]}},"_links":{"self":[{"href":"https:\/\/esnutrifood.com\/ca\/wp-json\/wp\/v2\/pages\/3"}],"collection":[{"href":"https:\/\/esnutrifood.com\/ca\/wp-json\/wp\/v2\/pages"}],"about":[{"href":"https:\/\/esnutrifood.com\/ca\/wp-json\/wp\/v2\/types\/page"}],"author":[{"embeddable":true,"href":"https:\/\/esnutrifood.com\/ca\/wp-json\/wp\/v2\/users\/1"}],"replies":[{"embeddable":true,"href":"https:\/\/esnutrifood.com\/ca\/wp-json\/wp\/v2\/comments?post=3"}],"version-history":[{"count":11,"href":"https:\/\/esnutrifood.com\/ca\/wp-json\/wp\/v2\/pages\/3\/revisions"}],"predecessor-version":[{"id":664,"href":"https:\/\/esnutrifood.com\/ca\/wp-json\/wp\/v2\/pages\/3\/revisions\/664"}],"wp:attachment":[{"href":"https:\/\/esnutrifood.com\/ca\/wp-json\/wp\/v2\/media?parent=3"}],"curies":[{"name":"wp","href":"https:\/\/api.w.org\/{rel}","templated":true}]}}